{"id":3284,"date":"2024-10-09T23:58:04","date_gmt":"2024-10-09T23:58:04","guid":{"rendered":"https:\/\/solikaffee.ch\/?post_type=product&#038;p=3284"},"modified":"2025-01-09T14:18:38","modified_gmt":"2025-01-09T14:18:38","slug":"te-matcha","status":"publish","type":"product","link":"https:\/\/solikaffee.ch\/es\/product\/te-matcha\/","title":{"rendered":"T\u00e9 Matcha"},"content":{"rendered":"<h2>T\u00e9 Matcha<\/h2>\n<p><strong>La esencia de la serenidad y vitalidad.<\/strong><\/p>\n<p>Sum\u00e9rgete en la esencia del T\u00e9 Matcha, una bebida ancestral que revitaliza tu cuerpo y mente gracias a su alta concentraci\u00f3n de antioxidantes. Su delicado sabor y sus propiedades contribuyen a un equilibrio arm\u00f3nico entre vitalidad y bienestar. Cada taza es una experiencia de serenidad y claridad mental.<\/p>\n<p>Eleva tu estilo de vida con sus m\u00faltiples beneficios y experimenta una nueva forma de nutrir tu cuerpo y mente. \u00a1Haz del T\u00e9 Matcha tu nuevo ritual de bienestar hoy mismo!<\/p>\n","protected":false},"excerpt":{"rendered":"<p>El T\u00e9 Matcha es un aut\u00e9ntico tesoro natural, con siglos de tradici\u00f3n en la cultura oriental y una rica herencia de beneficios para la salud. Conocido por su alto contenido de antioxidantes, \u00e9ste t\u00e9 no solo energiza, sino que tambi\u00e9n relaja y aporta un equilibrio perfecto entre vitalidad y calma. Usado en ceremonias ancestrales y valorado en muchas culturas en el mundo, el Matcha se ha convertido en un aliado del bienestar moderno. Su versatilidad lo hace ideal para disfrutar en agua, batidos, jugos, o como un ingrediente en tus recetas favoritas. Una opci\u00f3n saludable y sin aditivos, perfecta para nutrir cuerpo y mente. Permite que el T\u00e9 Matcha enriquezca tu d\u00eda \u00bfEst\u00e1s preparado para vivir una experiencia verdaderamente extraordinaria?<\/p>\n","protected":false},"featured_media":3285,"comment_status":"open","ping_status":"closed","template":"","meta":[],"product_brand":[],"product_cat":[45],"product_tag":[],"class_list":{"0":"post-3284","1":"product","2":"type-product","3":"status-publish","4":"has-post-thumbnail","6":"product_cat-te","8":"first","9":"instock","10":"shipping-taxable","11":"purchasable","12":"product-type-simple"},"_links":{"self":[{"href":"https:\/\/solikaffee.ch\/es\/wp-json\/wp\/v2\/product\/3284","targetHints":{"allow":["GET"]}}],"collection":[{"href":"https:\/\/solikaffee.ch\/es\/wp-json\/wp\/v2\/product"}],"about":[{"href":"https:\/\/solikaffee.ch\/es\/wp-json\/wp\/v2\/types\/product"}],"replies":[{"embeddable":true,"href":"https:\/\/solikaffee.ch\/es\/wp-json\/wp\/v2\/comments?post=3284"}],"wp:featuredmedia":[{"embeddable":true,"href":"https:\/\/solikaffee.ch\/es\/wp-json\/wp\/v2\/media\/3285"}],"wp:attachment":[{"href":"https:\/\/solikaffee.ch\/es\/wp-json\/wp\/v2\/media?parent=3284"}],"wp:term":[{"taxonomy":"product_brand","embeddable":true,"href":"https:\/\/solikaffee.ch\/es\/wp-json\/wp\/v2\/product_brand?post=3284"},{"taxonomy":"product_cat","embeddable":true,"href":"https:\/\/solikaffee.ch\/es\/wp-json\/wp\/v2\/product_cat?post=3284"},{"taxonomy":"product_tag","embeddable":true,"href":"https:\/\/solikaffee.ch\/es\/wp-json\/wp\/v2\/product_tag?post=3284"}],"curies":[{"name":"wp","href":"https:\/\/api.w.org\/{rel}","templated":true}]}}