{"id":3275,"date":"2024-10-09T23:42:17","date_gmt":"2024-10-09T23:42:17","guid":{"rendered":"https:\/\/solikaffee.ch\/?post_type=product&#038;p=3275"},"modified":"2025-01-09T14:21:47","modified_gmt":"2025-01-09T14:21:47","slug":"set-de-tisanas-estar-bien","status":"publish","type":"product","link":"https:\/\/solikaffee.ch\/es\/product\/set-de-tisanas-estar-bien\/","title":{"rendered":"Set de Tisanas Estar bien"},"content":{"rendered":"<h2><strong>Set de Tisanas Estar bien: Una experiencia de sabor, aroma y sostenibilidad.<\/strong><\/h2>\n<p>Descubre el exclusivo Set de Tisanas Estar bien, una perfecta fusi\u00f3n de sabor, aroma y detalles que har\u00e1n de cada momento una experiencia \u00fanica. Nuestras tisanas est\u00e1n cuidadosamente elaboradas con mezclas de frutas y hierbas deshidratadas 100% naturales, sin az\u00facar ni aditivos, y vienen en un hermoso estuche reutilizable. Es el regalo ideal para ti o para alguien especial. \u00a1No te quedes sin disfrutar esta maravillosa experiencia sensorial!<\/p>\n<h3><strong>El <\/strong><strong>Set de Tisanas\u00a0<\/strong><strong>contiene los siguientes productos:<\/strong><\/h3>\n<p>T\u00e9 Chai: Sus ingredientes son; T\u00e9 negro, cardamomo, clavo, canela, nuez moscada, an\u00eds estrellado, jengibre, pimienta negra. Se recomienda tomarlo despu\u00e9s del almuerzo, se ha consumido por siglos para tratar problemas de indigesti\u00f3n y brindar energ\u00eda.<\/p>\n<p>Tisana Despierta: Sus ingredientes son;flor de Jamaica, mora, fresa, guayaba, lim\u00f3n, c\u00e1scara de pi\u00f1a y jengibre. Se recomienda tomarlo en ayunas o con el desayuno.<\/p>\n<p>Tisana Reactivate: Sus ingredientes son; flor de Jamaica, yerbabuena, limonaria, cidr\u00f3n, menta, lulo y papayuela. Se recomiendo tomarlo despu\u00e9s de comidas pesadas.<\/p>\n<p>Tisana Dulces Sue\u00f1os: Sus ingredientes son; manzanilla, canela, cal\u00e9ndula, manzana, eucalipto, feijoa y uchuva. Se recomienda tomarlo antes de dormir.<\/p>\n<p>Cada detalle de este set est\u00e1 dise\u00f1ado para que disfrutes no solo del t\u00e9, sino de su aporte al planeta. Es por eso que los sobres individuales se transforman en pr\u00e1cticos separadores de libros con hermosos mensajes que te acompa\u00f1ar\u00e1n mientras lees o trabajas. La bolsita de la infusi\u00f3n est\u00e1 fabricada en fibra de ma\u00edz, un material biodegradable. Adem\u00e1s, las delicadas mariposas que acompa\u00f1an a cada tisana se posan en el borde de tu taza, agregando un toque especial y decorativo al tomarte un t\u00e9, y luego puede ser utilizada para adornar las plantas o cualquier rinc\u00f3n de tu hogar.<\/p>\n<p>Este set es el regalo perfecto para consentirte o para sorprender a alguien especial. Es una forma \u00fanica de disfrutar el sabor y el aroma de nuestras tisanas, mientras cuidas de tu cuerpo y colaboras con un producto colombiano, hecho con amor, y comprometido con la sostenibilidad.<\/p>\n","protected":false},"excerpt":{"rendered":"<p>El <strong>Set de Tisanas Estar bien<\/strong> es mucho m\u00e1s que una simple infusi\u00f3n, es una celebraci\u00f3n de los sentidos y del cuidado por el planeta. Este set contiene 12 sobres de tisanas, cada uno con una mezcla exclusiva de frutas y hierbas deshidratadas, pensadas en brindarte bienestar en cualquier momento del d\u00eda. Nuestras tisanas son completamente naturales, sin az\u00facar ni aditivos, elaboradas con ingredientes seleccionados para ofrecerte una experiencia de sabor aut\u00e9ntico y beneficiosa para tu salud.<\/p>\n","protected":false},"featured_media":3276,"comment_status":"open","ping_status":"closed","template":"","meta":[],"product_brand":[],"product_cat":[45],"product_tag":[],"class_list":{"0":"post-3275","1":"product","2":"type-product","3":"status-publish","4":"has-post-thumbnail","6":"product_cat-te","8":"first","9":"instock","10":"shipping-taxable","11":"purchasable","12":"product-type-simple"},"_links":{"self":[{"href":"https:\/\/solikaffee.ch\/es\/wp-json\/wp\/v2\/product\/3275","targetHints":{"allow":["GET"]}}],"collection":[{"href":"https:\/\/solikaffee.ch\/es\/wp-json\/wp\/v2\/product"}],"about":[{"href":"https:\/\/solikaffee.ch\/es\/wp-json\/wp\/v2\/types\/product"}],"replies":[{"embeddable":true,"href":"https:\/\/solikaffee.ch\/es\/wp-json\/wp\/v2\/comments?post=3275"}],"wp:featuredmedia":[{"embeddable":true,"href":"https:\/\/solikaffee.ch\/es\/wp-json\/wp\/v2\/media\/3276"}],"wp:attachment":[{"href":"https:\/\/solikaffee.ch\/es\/wp-json\/wp\/v2\/media?parent=3275"}],"wp:term":[{"taxonomy":"product_brand","embeddable":true,"href":"https:\/\/solikaffee.ch\/es\/wp-json\/wp\/v2\/product_brand?post=3275"},{"taxonomy":"product_cat","embeddable":true,"href":"https:\/\/solikaffee.ch\/es\/wp-json\/wp\/v2\/product_cat?post=3275"},{"taxonomy":"product_tag","embeddable":true,"href":"https:\/\/solikaffee.ch\/es\/wp-json\/wp\/v2\/product_tag?post=3275"}],"curies":[{"name":"wp","href":"https:\/\/api.w.org\/{rel}","templated":true}]}}