{"id":2645,"date":"2024-08-16T23:31:16","date_gmt":"2024-08-16T23:31:16","guid":{"rendered":"https:\/\/solikaffee.ch\/nueva\/?post_type=product&#038;p=2645"},"modified":"2025-01-09T14:33:54","modified_gmt":"2025-01-09T14:33:54","slug":"te-frutas-amarillas","status":"publish","type":"product","link":"https:\/\/solikaffee.ch\/es\/product\/te-frutas-amarillas\/","title":{"rendered":"T\u00e9 Frutas Amarillas"},"content":{"rendered":"<h2>T\u00e9 Frutas Amarillas: Para una mejor digesti\u00f3n<\/h2>\n<h3><strong>T\u00e9 Frutas Amarillas: La clave para una mejor digesti\u00f3n<\/strong><\/h3>\n<p>Descubre las propiedades beneficiosas de nuestro T\u00e9 Frutas Amarillas, dise\u00f1ado especialmente para apoyar tu digesti\u00f3n. Gracias a la cuidadosa selecci\u00f3n de ingredientes como la uchuva y la pi\u00f1a, este t\u00e9 ayuda a procesar eficazmente las grasas y a reducir la acumulaci\u00f3n de l\u00edquidos. Sus componentes naturales trabajan en conjunto para brindarte una sensaci\u00f3n ligera y placentera despu\u00e9s de cada comida.<\/p>\n<h3>Apoyo natural para tu bienestar<\/h3>\n<p>La combinaci\u00f3n de uchuva, pi\u00f1a, menta y maracuy\u00e1 en el T\u00e9 Frutas Amarillas no solo promueve una excelente digesti\u00f3n, sino que tambi\u00e9n alivia de forma natural las molestias estomacales. La menta calma el est\u00f3mago, mientras que el maracuy\u00e1 ofrece beneficios adicionales para tu bienestar. Este t\u00e9 es una elecci\u00f3n excepcional para apoyar tu digesti\u00f3n de manera natural y proporcionarte una sensaci\u00f3n de bienestar integral.<\/p>\n<h3>Disfruta el sabor y los beneficios del T\u00e9 Frutas Amarillas<\/h3>\n<p>Adem\u00e1s de sus ventajas para la salud, el T\u00e9 Frutas Amarillas destaca por su sabor agradable. La combinaci\u00f3n de frutas amarillas crea un aroma refrescante y revitalizante, haciendo que disfrutar de una taza de este t\u00e9 sea una experiencia especial. Haz de este t\u00e9 parte de tu rutina y experimenta los efectos positivos en tu digesti\u00f3n y bienestar general.<\/p>\n","protected":false},"excerpt":{"rendered":"<h4>Descubre los beneficios del T\u00e9 Frutas Amarillas<\/h4>\n<p>Disfruta de los beneficios de nuestro T\u00e9 Frutas Amarillas, una deliciosa mezcla de uchuva, pi\u00f1a, maracuy\u00e1 y menta. Ideal despu\u00e9s de las comidas, alivia la sensaci\u00f3n de pesadez y favorece una digesti\u00f3n m\u00e1s ligera. Es la alternativa perfecta a las bebidas azucaradas, ofreciendo una opci\u00f3n saludable y deliciosa para cuidar tu est\u00f3mago.<\/p>\n","protected":false},"featured_media":2646,"comment_status":"open","ping_status":"closed","template":"","meta":[],"product_brand":[],"product_cat":[45],"product_tag":[],"class_list":{"0":"post-2645","1":"product","2":"type-product","3":"status-publish","4":"has-post-thumbnail","6":"product_cat-te","8":"first","9":"instock","10":"shipping-taxable","11":"purchasable","12":"product-type-simple"},"_links":{"self":[{"href":"https:\/\/solikaffee.ch\/es\/wp-json\/wp\/v2\/product\/2645","targetHints":{"allow":["GET"]}}],"collection":[{"href":"https:\/\/solikaffee.ch\/es\/wp-json\/wp\/v2\/product"}],"about":[{"href":"https:\/\/solikaffee.ch\/es\/wp-json\/wp\/v2\/types\/product"}],"replies":[{"embeddable":true,"href":"https:\/\/solikaffee.ch\/es\/wp-json\/wp\/v2\/comments?post=2645"}],"wp:featuredmedia":[{"embeddable":true,"href":"https:\/\/solikaffee.ch\/es\/wp-json\/wp\/v2\/media\/2646"}],"wp:attachment":[{"href":"https:\/\/solikaffee.ch\/es\/wp-json\/wp\/v2\/media?parent=2645"}],"wp:term":[{"taxonomy":"product_brand","embeddable":true,"href":"https:\/\/solikaffee.ch\/es\/wp-json\/wp\/v2\/product_brand?post=2645"},{"taxonomy":"product_cat","embeddable":true,"href":"https:\/\/solikaffee.ch\/es\/wp-json\/wp\/v2\/product_cat?post=2645"},{"taxonomy":"product_tag","embeddable":true,"href":"https:\/\/solikaffee.ch\/es\/wp-json\/wp\/v2\/product_tag?post=2645"}],"curies":[{"name":"wp","href":"https:\/\/api.w.org\/{rel}","templated":true}]}}