{"id":2643,"date":"2024-08-16T23:27:40","date_gmt":"2024-08-16T23:27:40","guid":{"rendered":"https:\/\/solikaffee.ch\/nueva\/?post_type=product&#038;p=2643"},"modified":"2025-01-09T14:37:38","modified_gmt":"2025-01-09T14:37:38","slug":"te-frutos-rojos","status":"publish","type":"product","link":"https:\/\/solikaffee.ch\/es\/product\/te-frutos-rojos\/","title":{"rendered":"T\u00e9 Frutos Rojos"},"content":{"rendered":"<h2><strong>T\u00e9 Frutos Rojos: Placer y Bienestar en una Taza<\/strong><\/h2>\n<p>Adem\u00e1s de su delicioso sabor, el T\u00e9 Frutas Rojas ofrece beneficios saludables. Las moras y fresas cuidadosamente seleccionadas, ricas en tript\u00f3fano, contribuyen a mejorar la calidad del sue\u00f1o. La manzana roja presente en el t\u00e9 ayuda a aliviar la hinchaz\u00f3n y los dolores musculares. Esta armoniosa combinaci\u00f3n de ingredientes hace del T\u00e9 Frutas Rojas una elecci\u00f3n ideal para momentos de relajaci\u00f3n.<\/p>\n<h3><strong>Propiedades Refrescantes y Relajaci\u00f3n Integral<\/strong><\/h3>\n<p>La verbena de lim\u00f3n en el T\u00e9 Frutas Rojas agrega un toque fresco y calmante. Sus propiedades antis\u00e9pticas y antiinflamatorias fomentan el bienestar general, ofreciendo una experiencia completa de relajaci\u00f3n. Cada sorbo de este t\u00e9 contribuye a relajar el cuerpo y la mente, restaurando tus energ\u00edas internas.<\/p>\n<h3><strong>Disfruta el T\u00e9 Frutos Rojos para Sentirte Bien<\/strong><\/h3>\n<p>Con el T\u00e9 Frutas Rojas no solo disfrutas de un placer para el paladar, sino que tambi\u00e9n cuidas de tu cuerpo y mente. D\u00e9jate envolver por la variedad de frutas y las propiedades beneficiosas de este t\u00e9, taza tras taza. Experimenta el equilibrio perfecto entre sabor y bienestar con cada sorbo de T\u00e9 Frutas Rojas.<\/p>\n","protected":false},"excerpt":{"rendered":"<h2><strong>Descubre los Beneficios del T\u00e9 Frutos Rojos<\/strong><\/h2>\n<p>T\u00f3mate un momento de calma con nuestro t\u00e9 de frutas, una exquisita mezcla de mora, fresa, manzana roja y verbena de lim\u00f3n. Ideal para reducir el estr\u00e9s, cada sorbo te envuelve en una sensaci\u00f3n de tranquilidad y relajaci\u00f3n, ofreci\u00e9ndote un merecido descanso en tu d\u00eda a d\u00eda. Al ser libre de cafe\u00edna, es perfecto para cualquier momento del d\u00eda. Ya sea caliente para una sensaci\u00f3n reconfortante o fr\u00edo para una nota refrescante, siempre te aportar\u00e1 equilibrio y serenidad.<\/p>\n<h3><\/h3>\n","protected":false},"featured_media":2644,"comment_status":"open","ping_status":"closed","template":"","meta":[],"product_brand":[],"product_cat":[45],"product_tag":[],"class_list":{"0":"post-2643","1":"product","2":"type-product","3":"status-publish","4":"has-post-thumbnail","6":"product_cat-te","8":"first","9":"instock","10":"shipping-taxable","11":"purchasable","12":"product-type-simple"},"_links":{"self":[{"href":"https:\/\/solikaffee.ch\/es\/wp-json\/wp\/v2\/product\/2643","targetHints":{"allow":["GET"]}}],"collection":[{"href":"https:\/\/solikaffee.ch\/es\/wp-json\/wp\/v2\/product"}],"about":[{"href":"https:\/\/solikaffee.ch\/es\/wp-json\/wp\/v2\/types\/product"}],"replies":[{"embeddable":true,"href":"https:\/\/solikaffee.ch\/es\/wp-json\/wp\/v2\/comments?post=2643"}],"wp:featuredmedia":[{"embeddable":true,"href":"https:\/\/solikaffee.ch\/es\/wp-json\/wp\/v2\/media\/2644"}],"wp:attachment":[{"href":"https:\/\/solikaffee.ch\/es\/wp-json\/wp\/v2\/media?parent=2643"}],"wp:term":[{"taxonomy":"product_brand","embeddable":true,"href":"https:\/\/solikaffee.ch\/es\/wp-json\/wp\/v2\/product_brand?post=2643"},{"taxonomy":"product_cat","embeddable":true,"href":"https:\/\/solikaffee.ch\/es\/wp-json\/wp\/v2\/product_cat?post=2643"},{"taxonomy":"product_tag","embeddable":true,"href":"https:\/\/solikaffee.ch\/es\/wp-json\/wp\/v2\/product_tag?post=2643"}],"curies":[{"name":"wp","href":"https:\/\/api.w.org\/{rel}","templated":true}]}}