{"id":2641,"date":"2024-08-16T23:24:08","date_gmt":"2024-08-16T23:24:08","guid":{"rendered":"https:\/\/solikaffee.ch\/nueva\/?post_type=product&#038;p=2641"},"modified":"2025-01-09T14:40:19","modified_gmt":"2025-01-09T14:40:19","slug":"te-frutas-tropicales","status":"publish","type":"product","link":"https:\/\/solikaffee.ch\/es\/product\/te-frutas-tropicales\/","title":{"rendered":"T\u00e9 Frutas Tropicales"},"content":{"rendered":"<h2><strong>T\u00e9 Frutas Tropicales: La mezcla perfecta de frescura y salud<\/strong><\/h2>\n<p>El t\u00e9 Frutas Tropicales no solo ofrece un sabor inigualable, sino tambi\u00e9n numerosos beneficios para la salud. Esta especial mezcla de t\u00e9 combina frutas tropicales ricas en antioxidantes con hierbas refrescantes como la menta y el limoncillo. Los antioxidantes desempe\u00f1an un papel fundamental en la lucha contra los radicales libres que pueden da\u00f1ar las c\u00e9lulas. Al disfrutar regularmente del t\u00e9 Frutas Tropicales, ayudas activamente a proteger tus c\u00e9lulas y a promover una piel joven y radiante.<\/p>\n<p>Adem\u00e1s de sus propiedades antioxidantes, la combinaci\u00f3n de menta y limoncillo aporta una frescura adicional que deleita tu paladar. Estas hierbas son conocidas por sus beneficios para la digesti\u00f3n y contribuyen a mantener el cuerpo bien hidratado. La frescura agradable de la menta junto con el efecto revitalizante del limoncillo hacen que el t\u00e9 Frutas Tropicales sea un acompa\u00f1ante refrescante para cualquier momento del d\u00eda.<\/p>\n<p>Ya sea en un momento relajante por la tarde o como un impulso para comenzar el d\u00eda, el t\u00e9 Frutas Tropicales es la elecci\u00f3n ideal para una experiencia de bebida saludable y placentera. Esta mezcla de t\u00e9 combina deliciosos aromas con beneficios para la salud, convirti\u00e9ndose en el complemento perfecto para tu rutina diaria. Disfruta de la frescura y los efectos positivos de este t\u00e9 \u00fanico y date un gusto saludable.<\/p>\n","protected":false},"excerpt":{"rendered":"<h2><strong>T\u00e9 Frutas Tropicales: Un placer para el cuerpo y el alma<\/strong><\/h2>\n<p>Aprovecha los beneficios del t\u00e9 de Frutas Tropicales, una combinaci\u00f3n de fresas, pi\u00f1a, physalis, menta y limoncillo que revitaliza y refresca. Ideal para cualquier ocasi\u00f3n, su equilibrio entre dulzura y acidez lo convierte en una bebida agradable tanto en climas c\u00e1lidos como fr\u00edos.<\/p>\n<h3><\/h3>\n","protected":false},"featured_media":2642,"comment_status":"open","ping_status":"closed","template":"","meta":[],"product_brand":[],"product_cat":[45],"product_tag":[],"class_list":{"0":"post-2641","1":"product","2":"type-product","3":"status-publish","4":"has-post-thumbnail","6":"product_cat-te","8":"first","9":"instock","10":"shipping-taxable","11":"purchasable","12":"product-type-simple"},"_links":{"self":[{"href":"https:\/\/solikaffee.ch\/es\/wp-json\/wp\/v2\/product\/2641","targetHints":{"allow":["GET"]}}],"collection":[{"href":"https:\/\/solikaffee.ch\/es\/wp-json\/wp\/v2\/product"}],"about":[{"href":"https:\/\/solikaffee.ch\/es\/wp-json\/wp\/v2\/types\/product"}],"replies":[{"embeddable":true,"href":"https:\/\/solikaffee.ch\/es\/wp-json\/wp\/v2\/comments?post=2641"}],"wp:featuredmedia":[{"embeddable":true,"href":"https:\/\/solikaffee.ch\/es\/wp-json\/wp\/v2\/media\/2642"}],"wp:attachment":[{"href":"https:\/\/solikaffee.ch\/es\/wp-json\/wp\/v2\/media?parent=2641"}],"wp:term":[{"taxonomy":"product_brand","embeddable":true,"href":"https:\/\/solikaffee.ch\/es\/wp-json\/wp\/v2\/product_brand?post=2641"},{"taxonomy":"product_cat","embeddable":true,"href":"https:\/\/solikaffee.ch\/es\/wp-json\/wp\/v2\/product_cat?post=2641"},{"taxonomy":"product_tag","embeddable":true,"href":"https:\/\/solikaffee.ch\/es\/wp-json\/wp\/v2\/product_tag?post=2641"}],"curies":[{"name":"wp","href":"https:\/\/api.w.org\/{rel}","templated":true}]}}