{"id":2638,"date":"2024-08-16T23:21:18","date_gmt":"2024-08-16T23:21:18","guid":{"rendered":"https:\/\/solikaffee.ch\/nueva\/?post_type=product&#038;p=2638"},"modified":"2025-01-09T14:44:04","modified_gmt":"2025-01-09T14:44:04","slug":"te-frutos-verdes","status":"publish","type":"product","link":"https:\/\/solikaffee.ch\/es\/product\/te-frutos-verdes\/","title":{"rendered":"T\u00e9 Frutos Verdes"},"content":{"rendered":"<h2><strong>T\u00e9 Frutos Verdes: Una mezcla revitalizante de lulo, manzana verde, mango y jengibre<\/strong><\/h2>\n<p>Nuestro T\u00e9 Frutos Verdes es la elecci\u00f3n perfecta para quienes desean comenzar el d\u00eda con una experiencia refrescante y llena de sabor. Esta vibrante combinaci\u00f3n de lulo, manzana verde, mango y jengibre une frescura y energ\u00eda en cada infusi\u00f3n. Cada sorbo te deleitar\u00e1 con intensas notas frutales y el toque picante del jengibre, ayud\u00e1ndote a enfrentar el d\u00eda con vitalidad.<\/p>\n<p>Ya sea que te prepares para una jornada ajetreada o disfrutes de un momento de tranquilidad, nuestro T\u00e9 Frutos Verdes siempre es la opci\u00f3n ideal. Su f\u00f3rmula sin cafe\u00edna te permite disfrutarlo tanto caliente como fr\u00edo, adapt\u00e1ndose a tus necesidades y preferencias.<\/p>\n<p>Reg\u00e1late una pausa y d\u00e9jate inspirar por la vitalidad de nuestro T\u00e9 Frutos Verdes. Es perfecto para quienes buscan una bebida revitalizante que sea al mismo tiempo deliciosa y vers\u00e1til. <strong>\u00a1Pru\u00e9balo y descubre lo refrescante y estimulante que puede ser un simple t\u00e9!<\/strong><\/p>\n","protected":false},"excerpt":{"rendered":"<h2><strong>Descubre la frescura con nuestro T\u00e9 Frutos Verdes<\/strong><\/h2>\n<p>Dale un impulso a tu d\u00eda con nuestro T\u00e9 Frutas Verdes, una mezcla vibrante de lulo, manzana verde, mango y jengibre. Cada infusi\u00f3n es un golpe de frescura y energ\u00eda, ideal para despertarte y mantenerte activo, ya sea en un d\u00eda agitado o durante una pausa tranquila. Libre de cafe\u00edna, puedes disfrutarlo caliente o fr\u00edo, seg\u00fan lo que el momento requiera.<\/p>\n","protected":false},"featured_media":2639,"comment_status":"open","ping_status":"closed","template":"","meta":[],"product_brand":[],"product_cat":[45],"product_tag":[],"class_list":{"0":"post-2638","1":"product","2":"type-product","3":"status-publish","4":"has-post-thumbnail","6":"product_cat-te","8":"first","9":"instock","10":"shipping-taxable","11":"purchasable","12":"product-type-simple"},"_links":{"self":[{"href":"https:\/\/solikaffee.ch\/es\/wp-json\/wp\/v2\/product\/2638","targetHints":{"allow":["GET"]}}],"collection":[{"href":"https:\/\/solikaffee.ch\/es\/wp-json\/wp\/v2\/product"}],"about":[{"href":"https:\/\/solikaffee.ch\/es\/wp-json\/wp\/v2\/types\/product"}],"replies":[{"embeddable":true,"href":"https:\/\/solikaffee.ch\/es\/wp-json\/wp\/v2\/comments?post=2638"}],"wp:featuredmedia":[{"embeddable":true,"href":"https:\/\/solikaffee.ch\/es\/wp-json\/wp\/v2\/media\/2639"}],"wp:attachment":[{"href":"https:\/\/solikaffee.ch\/es\/wp-json\/wp\/v2\/media?parent=2638"}],"wp:term":[{"taxonomy":"product_brand","embeddable":true,"href":"https:\/\/solikaffee.ch\/es\/wp-json\/wp\/v2\/product_brand?post=2638"},{"taxonomy":"product_cat","embeddable":true,"href":"https:\/\/solikaffee.ch\/es\/wp-json\/wp\/v2\/product_cat?post=2638"},{"taxonomy":"product_tag","embeddable":true,"href":"https:\/\/solikaffee.ch\/es\/wp-json\/wp\/v2\/product_tag?post=2638"}],"curies":[{"name":"wp","href":"https:\/\/api.w.org\/{rel}","templated":true}]}}