{"id":2624,"date":"2024-08-16T22:57:28","date_gmt":"2024-08-16T22:57:28","guid":{"rendered":"https:\/\/solikaffee.ch\/nueva\/?post_type=product&#038;p=2624"},"modified":"2025-01-09T16:05:20","modified_gmt":"2025-01-09T16:05:20","slug":"cafe-espresso-delight","status":"publish","type":"product","link":"https:\/\/solikaffee.ch\/es\/product\/cafe-espresso-delight\/","title":{"rendered":"Caf\u00e9 Espresso Delight"},"content":{"rendered":"<h2><strong>Caf\u00e9 Espresso Delight: Un espresso colombiano para los amantes del buen caf\u00e9<\/strong><\/h2>\n<p>Ad\u00e9ntrate en el mundo de <strong>Caf\u00e9 Espresso Delig<\/strong>ht, donde cada taza cuenta una historia de cuidado y pasi\u00f3n. Este espresso, elaborado con los mejores granos de caf\u00e9 ar\u00e1bica colombiano, ofrece una combinaci\u00f3n armoniosa de intensidad y suavidad que cautivar\u00e1 tanto a expertos como a principiantes.<\/p>\n<p><strong>Caf\u00e9 Espresso Delight<\/strong>\u00a0se distingue por sus ricas notas de sabor, que revelan nuevas facetas en cada sorbo. Su tostado artesanal realza lo mejor de los granos y garantiza un aroma inigualable que perdura y deleita los sentidos.<\/p>\n<p>Descubre con <strong>Caf\u00e9 Espresso Delight<\/strong> una obra maestra que no solo deleita el paladar, sino que tambi\u00e9n toca el alma. Este espresso es mucho m\u00e1s que una bebida: es una experiencia que refleja la perfecci\u00f3n en el arte del tostado de caf\u00e9.<\/p>\n","protected":false},"excerpt":{"rendered":"<h2><strong>Experimenta el placer incomparable de Caf\u00e9 Espresso Delight<\/strong><\/h2>\n<p>D\u00e9jate sorprender por <strong>Espresso Delight Solikaffee<\/strong>, un caf\u00e9 tostado intensamente con notas de chocolate, vainilla y miel. Su ligera acidez, t\u00edpica de los granos ar\u00e1bica de altura, lo convierte en la elecci\u00f3n perfecta para preparar espressos y ristrettos. Elaborado con granos 100 % ar\u00e1bica provenientes de Libano-Tolima, Popay\u00e1n y Cauca. Ideal para m\u00e1quinas de espresso y cafeteras autom\u00e1ticas.<\/p>\n","protected":false},"featured_media":2631,"comment_status":"open","ping_status":"closed","template":"","meta":[],"product_brand":[],"product_cat":[25],"product_tag":[43,44],"class_list":{"0":"post-2624","1":"product","2":"type-product","3":"status-publish","4":"has-post-thumbnail","6":"product_cat-cafe","7":"product_tag-ganze-bohne","8":"product_tag-gemahlen","10":"first","11":"instock","12":"shipping-taxable","13":"purchasable","14":"product-type-variable"},"_links":{"self":[{"href":"https:\/\/solikaffee.ch\/es\/wp-json\/wp\/v2\/product\/2624","targetHints":{"allow":["GET"]}}],"collection":[{"href":"https:\/\/solikaffee.ch\/es\/wp-json\/wp\/v2\/product"}],"about":[{"href":"https:\/\/solikaffee.ch\/es\/wp-json\/wp\/v2\/types\/product"}],"replies":[{"embeddable":true,"href":"https:\/\/solikaffee.ch\/es\/wp-json\/wp\/v2\/comments?post=2624"}],"wp:featuredmedia":[{"embeddable":true,"href":"https:\/\/solikaffee.ch\/es\/wp-json\/wp\/v2\/media\/2631"}],"wp:attachment":[{"href":"https:\/\/solikaffee.ch\/es\/wp-json\/wp\/v2\/media?parent=2624"}],"wp:term":[{"taxonomy":"product_brand","embeddable":true,"href":"https:\/\/solikaffee.ch\/es\/wp-json\/wp\/v2\/product_brand?post=2624"},{"taxonomy":"product_cat","embeddable":true,"href":"https:\/\/solikaffee.ch\/es\/wp-json\/wp\/v2\/product_cat?post=2624"},{"taxonomy":"product_tag","embeddable":true,"href":"https:\/\/solikaffee.ch\/es\/wp-json\/wp\/v2\/product_tag?post=2624"}],"curies":[{"name":"wp","href":"https:\/\/api.w.org\/{rel}","templated":true}]}}