{"id":2616,"date":"2024-08-16T22:52:52","date_gmt":"2024-08-16T22:52:52","guid":{"rendered":"https:\/\/solikaffee.ch\/nueva\/?post_type=product&#038;p=2616"},"modified":"2025-08-20T02:30:28","modified_gmt":"2025-08-20T02:30:28","slug":"cafe-crema-light","status":"publish","type":"product","link":"https:\/\/solikaffee.ch\/es\/product\/cafe-crema-light\/","title":{"rendered":"Caf\u00e9 Crema Light"},"content":{"rendered":"<h2><strong>Caf\u00e9 Crema Light: Tu momento de disfrute suave para cada d\u00eda<\/strong><\/h2>\n<p>El <strong>Caf\u00e9 Crema Light<\/strong> es la elecci\u00f3n ideal para quienes desean disfrutar de un caf\u00e9 suave pero con un sabor intenso. Su tueste medio asegura que la acidez natural del caf\u00e9 sea neutralizada, mientras que se destacan las notas de chocolate y miel. Cada taza de <strong>Caf\u00e9<\/strong><strong>\u00a0Crema Light<\/strong> ofrece un equilibrio armonioso entre un sabor suave y una intensidad llena de car\u00e1cter.<\/p>\n<p>Cada taza de <strong>Caf\u00e9<\/strong><strong>\u00a0Crema Light<\/strong> transforma tu momento diario de caf\u00e9 en un ritual especial. Gracias a la cuidadosa selecci\u00f3n de los granos y a un proceso de tostado delicado, este caf\u00e9 ofrece una mezcla equilibrada, perfecta para disfrutar todos los d\u00edas. Los finos aromas se despliegan con cada sorbo, dejando una experiencia de sabor agradable y duradera.<\/p>\n<p>Haz del <strong>Caf\u00e9<\/strong><strong>\u00a0Crema Light<\/strong> tu compa\u00f1ero diario y vive c\u00f3mo las notas armoniosas y la suave acidez se combinan en una taza c\u00e1lida y acogedora. Ya sea por la ma\u00f1ana en el desayuno o como un caf\u00e9 relajante por la tarde, el <strong>Caf\u00e9<\/strong><strong>\u00a0Crema Light<\/strong> te brinda una experiencia \u00fanica cada d\u00eda.<\/p>\n","protected":false},"excerpt":{"rendered":"<h2><strong>Experimenta el sabor \u00fanico del Caf\u00e9 Crema Light<\/strong><\/h2>\n<p>Descubre la dulzura natural del <strong>Crema Light Solikaffee<\/strong>, cuyas notas de chocolate y miel se mezclan con un toque c\u00edtrico, convirtiendo este caf\u00e9 en la elecci\u00f3n perfecta para espressos ligeros, cappuccinos y preparaciones con leche. El <strong>Crema Light Solikaffee<\/strong> est\u00e1 elaborado con granos de 100 % caf\u00e9 Castillo-Ar\u00e1bica cultivados en L\u00edbano-Tolima, Colombia. Ideal para cafeteras moka y m\u00e1quinas autom\u00e1ticas.<\/p>\n","protected":false},"featured_media":2623,"comment_status":"open","ping_status":"closed","template":"","meta":[],"product_brand":[],"product_cat":[25],"product_tag":[43,44],"class_list":{"0":"post-2616","1":"product","2":"type-product","3":"status-publish","4":"has-post-thumbnail","6":"product_cat-cafe","7":"product_tag-ganze-bohne","8":"product_tag-gemahlen","10":"first","11":"instock","12":"shipping-taxable","13":"purchasable","14":"product-type-variable"},"_links":{"self":[{"href":"https:\/\/solikaffee.ch\/es\/wp-json\/wp\/v2\/product\/2616","targetHints":{"allow":["GET"]}}],"collection":[{"href":"https:\/\/solikaffee.ch\/es\/wp-json\/wp\/v2\/product"}],"about":[{"href":"https:\/\/solikaffee.ch\/es\/wp-json\/wp\/v2\/types\/product"}],"replies":[{"embeddable":true,"href":"https:\/\/solikaffee.ch\/es\/wp-json\/wp\/v2\/comments?post=2616"}],"wp:featuredmedia":[{"embeddable":true,"href":"https:\/\/solikaffee.ch\/es\/wp-json\/wp\/v2\/media\/2623"}],"wp:attachment":[{"href":"https:\/\/solikaffee.ch\/es\/wp-json\/wp\/v2\/media?parent=2616"}],"wp:term":[{"taxonomy":"product_brand","embeddable":true,"href":"https:\/\/solikaffee.ch\/es\/wp-json\/wp\/v2\/product_brand?post=2616"},{"taxonomy":"product_cat","embeddable":true,"href":"https:\/\/solikaffee.ch\/es\/wp-json\/wp\/v2\/product_cat?post=2616"},{"taxonomy":"product_tag","embeddable":true,"href":"https:\/\/solikaffee.ch\/es\/wp-json\/wp\/v2\/product_tag?post=2616"}],"curies":[{"name":"wp","href":"https:\/\/api.w.org\/{rel}","templated":true}]}}