{"id":2606,"date":"2024-08-16T21:23:31","date_gmt":"2024-08-16T21:23:31","guid":{"rendered":"https:\/\/solikaffee.ch\/nueva\/?post_type=product&#038;p=2606"},"modified":"2025-01-09T16:04:05","modified_gmt":"2025-01-09T16:04:05","slug":"frutas-colombianas-liofilizadas-en-snack","status":"publish","type":"product","link":"https:\/\/solikaffee.ch\/es\/product\/frutas-colombianas-liofilizadas-en-snack\/","title":{"rendered":"Frutas colombianas liofilizadas en snack"},"content":{"rendered":"<h2><strong>M\u00e1s que un snack: Frutas colombianas liofilizadas para cualquier momento del d\u00eda<\/strong><\/h2>\n<p>Las frutas colombianas liofilizadas en snack ofrecen una combinaci\u00f3n perfecta de sabor, nutrientes y practicidad. Son la opci\u00f3n ideal si buscas algo saludable y delicioso que se adapte f\u00e1cilmente a tu ajetreado d\u00eda. Ya sea que vayas al trabajo, al gimnasio o simplemente disfrutes de un descanso en casa, estas frutas te dar\u00e1n la energ\u00eda que necesitas.<\/p>\n<p>Con su pr\u00e1ctico formato, las frutas colombianas liofilizadas en snack son f\u00e1ciles de llevar a donde sea. Caben perfectamente en cualquier bolso o mochila, para que siempre tengas a mano un snack r\u00e1pido y saludable. Los nutrientes naturales que contienen las convierten en un complemento excelente para ensaladas, postres o simplemente como un snack por s\u00ed solas.<\/p>\n<p>Ya sea para llevar contigo o como ingrediente en tus recetas favoritas, las frutas colombianas liofilizadas en snack son una opci\u00f3n vers\u00e1til y saludable. Puedes disfrutarlas en cualquier momento y lugar, a\u00f1adiendo un toque de Colombia a tu rutina diaria. Mejora tu alimentaci\u00f3n con este snack natural y nutritivo que fortalece tanto tu cuerpo como tu mente<\/p>\n","protected":false},"excerpt":{"rendered":"<div class=\"flex max-w-full flex-col flex-grow\">\n<div class=\"min-h-8 text-message flex w-full flex-col items-end gap-2 whitespace-normal break-words text-start [.text-message+&amp;]:mt-5\" dir=\"auto\" data-message-author-role=\"assistant\" data-message-id=\"7e0f28db-a1e6-41eb-b2a9-4b98b25eaad9\" data-message-model-slug=\"gpt-4o\">\n<div class=\"flex w-full flex-col gap-1 empty:hidden first:pt-[3px]\">\n<div class=\"markdown prose w-full break-words dark:prose-invert dark\">\n<p><strong>Frutas colombianas liofilizadas en snack: el acompa\u00f1ante ideal para tu d\u00eda a d\u00eda<\/strong><\/p>\n<p>Disfruta de nuestros deliciosos snacks de frutas liofilizadas en una mezcla irresistible de fresa, banano, mango y pi\u00f1a. Cada snack est\u00e1 lleno de sabor y beneficios para tu salud. Gracias al proceso de liofilizaci\u00f3n, los nutrientes de las frutas se conservan intactos:<\/p>\n<ul>\n<li>Las fresas aportan poderosos antioxidantes y vitamina C.<\/li>\n<li>El banano es una fuente natural de energ\u00eda y rico en potasio.<\/li>\n<li>El mango proporciona vitamina A y enzimas digestivas.<\/li>\n<li>La pi\u00f1a, rica en bromelina y vitamina C, favorece una digesti\u00f3n saludable y refuerza el sistema inmunol\u00f3gico.<\/li>\n<\/ul>\n<p>\u00a1Prueba estas frutas colombianas liofilizadas y lleva un pedacito de naturaleza contigo a donde vayas!<\/p>\n<\/div>\n<\/div>\n<\/div>\n<\/div>\n","protected":false},"featured_media":2607,"comment_status":"open","ping_status":"closed","template":"","meta":[],"product_brand":[],"product_cat":[18],"product_tag":[],"class_list":{"0":"post-2606","1":"product","2":"type-product","3":"status-publish","4":"has-post-thumbnail","6":"product_cat-snacks","8":"first","9":"instock","10":"shipping-taxable","11":"purchasable","12":"product-type-simple"},"_links":{"self":[{"href":"https:\/\/solikaffee.ch\/es\/wp-json\/wp\/v2\/product\/2606","targetHints":{"allow":["GET"]}}],"collection":[{"href":"https:\/\/solikaffee.ch\/es\/wp-json\/wp\/v2\/product"}],"about":[{"href":"https:\/\/solikaffee.ch\/es\/wp-json\/wp\/v2\/types\/product"}],"replies":[{"embeddable":true,"href":"https:\/\/solikaffee.ch\/es\/wp-json\/wp\/v2\/comments?post=2606"}],"wp:featuredmedia":[{"embeddable":true,"href":"https:\/\/solikaffee.ch\/es\/wp-json\/wp\/v2\/media\/2607"}],"wp:attachment":[{"href":"https:\/\/solikaffee.ch\/es\/wp-json\/wp\/v2\/media?parent=2606"}],"wp:term":[{"taxonomy":"product_brand","embeddable":true,"href":"https:\/\/solikaffee.ch\/es\/wp-json\/wp\/v2\/product_brand?post=2606"},{"taxonomy":"product_cat","embeddable":true,"href":"https:\/\/solikaffee.ch\/es\/wp-json\/wp\/v2\/product_cat?post=2606"},{"taxonomy":"product_tag","embeddable":true,"href":"https:\/\/solikaffee.ch\/es\/wp-json\/wp\/v2\/product_tag?post=2606"}],"curies":[{"name":"wp","href":"https:\/\/api.w.org\/{rel}","templated":true}]}}