{"id":2380,"date":"2022-05-19T15:09:06","date_gmt":"2022-05-19T15:09:06","guid":{"rendered":"https:\/\/solikaffee.ch\/?post_type=product&#038;p=2380"},"modified":"2025-01-09T16:17:35","modified_gmt":"2025-01-09T16:17:35","slug":"sirope-de-panela-de-azucar-de-cana-organica-5dl","status":"publish","type":"product","link":"https:\/\/solikaffee.ch\/es\/product\/sirope-de-panela-de-azucar-de-cana-organica-5dl\/","title":{"rendered":"Sirope de Panela de Az\u00facar de Ca\u00f1a Org\u00e1nica 5dl"},"content":{"rendered":"","protected":false},"excerpt":{"rendered":"<h2><strong>Sirope de Panela de Az\u00facar de Ca\u00f1a Org\u00e1nica<\/strong><\/h2>\n<p>La forma natural y saludable de disfrutar la dulzura de la vida. Hecho a mano en la regi\u00f3n de Seetal.<br \/>\nEste producto es el resultado de una alianza entre dos mujeres con un \u00fanico objetivo: \u00a1resaltar lo mejor de nuestra tierra, Colombia!<br \/>\nQuimbaya y Solikaffee se unen para promover el consumo consciente y remunerar de manera justa el trabajo de los peque\u00f1os agricultores colombianos.<\/p>\n","protected":false},"featured_media":2850,"comment_status":"open","ping_status":"closed","template":"","meta":[],"product_brand":[],"product_cat":[32],"product_tag":[],"class_list":{"0":"post-2380","1":"product","2":"type-product","3":"status-publish","4":"has-post-thumbnail","6":"product_cat-panela","8":"first","9":"instock","10":"shipping-taxable","11":"purchasable","12":"product-type-simple"},"_links":{"self":[{"href":"https:\/\/solikaffee.ch\/es\/wp-json\/wp\/v2\/product\/2380","targetHints":{"allow":["GET"]}}],"collection":[{"href":"https:\/\/solikaffee.ch\/es\/wp-json\/wp\/v2\/product"}],"about":[{"href":"https:\/\/solikaffee.ch\/es\/wp-json\/wp\/v2\/types\/product"}],"replies":[{"embeddable":true,"href":"https:\/\/solikaffee.ch\/es\/wp-json\/wp\/v2\/comments?post=2380"}],"wp:featuredmedia":[{"embeddable":true,"href":"https:\/\/solikaffee.ch\/es\/wp-json\/wp\/v2\/media\/2850"}],"wp:attachment":[{"href":"https:\/\/solikaffee.ch\/es\/wp-json\/wp\/v2\/media?parent=2380"}],"wp:term":[{"taxonomy":"product_brand","embeddable":true,"href":"https:\/\/solikaffee.ch\/es\/wp-json\/wp\/v2\/product_brand?post=2380"},{"taxonomy":"product_cat","embeddable":true,"href":"https:\/\/solikaffee.ch\/es\/wp-json\/wp\/v2\/product_cat?post=2380"},{"taxonomy":"product_tag","embeddable":true,"href":"https:\/\/solikaffee.ch\/es\/wp-json\/wp\/v2\/product_tag?post=2380"}],"curies":[{"name":"wp","href":"https:\/\/api.w.org\/{rel}","templated":true}]}}