{"id":2213,"date":"2021-02-13T16:24:20","date_gmt":"2021-02-13T16:24:20","guid":{"rendered":"https:\/\/solikaffee.ch\/?post_type=product&#038;p=2213"},"modified":"2025-09-01T01:58:22","modified_gmt":"2025-09-01T01:58:22","slug":"luna-stoffpuppe","status":"publish","type":"product","link":"https:\/\/solikaffee.ch\/es\/product\/luna-stoffpuppe\/","title":{"rendered":"Luna-Stoffpuppe"},"content":{"rendered":"<p>Wenn du eine dieser Puppen mit nach Hause nimmst, bekommst du nicht nur ein einzigartiges Kunstwerk, sondern tauchst auch in die Tradition und das kulturelle Erbe Kolumbiens ein. Jede Chapolera bringt den Geist der Kaffeebauernfrauen in dein Zuhause und verleiht deinem Raum einen authentischen, geschichtstr\u00e4chtigen Touch.<\/p>\n","protected":false},"excerpt":{"rendered":"<p>Nuestras encantadoras mu\u00f1ecas son un homenaje a la rica cultura cafetera de Colombia. Hechas a mano, con mucho amor y atenci\u00f3n al detalle, representan a las ic\u00f3nicas Chapoleras, las valientes y trabajadoras mujeres que cosechan caf\u00e9 desde el amanecer hasta el atardecer. Cada mu\u00f1eca lleva hermosas vestimentas tradicionales y captura la verdadera esencia y cultura de estas regiones, preservando su legado y celebrando sus costumbres.<\/p>\n","protected":false},"featured_media":2214,"comment_status":"open","ping_status":"closed","template":"","meta":[],"product_brand":[],"product_cat":[31],"product_tag":[],"class_list":{"0":"post-2213","1":"product","2":"type-product","3":"status-publish","4":"has-post-thumbnail","6":"product_cat-waren","8":"first","9":"outofstock","10":"shipping-taxable","11":"purchasable","12":"product-type-simple"},"_links":{"self":[{"href":"https:\/\/solikaffee.ch\/es\/wp-json\/wp\/v2\/product\/2213","targetHints":{"allow":["GET"]}}],"collection":[{"href":"https:\/\/solikaffee.ch\/es\/wp-json\/wp\/v2\/product"}],"about":[{"href":"https:\/\/solikaffee.ch\/es\/wp-json\/wp\/v2\/types\/product"}],"replies":[{"embeddable":true,"href":"https:\/\/solikaffee.ch\/es\/wp-json\/wp\/v2\/comments?post=2213"}],"wp:featuredmedia":[{"embeddable":true,"href":"https:\/\/solikaffee.ch\/es\/wp-json\/wp\/v2\/media\/2214"}],"wp:attachment":[{"href":"https:\/\/solikaffee.ch\/es\/wp-json\/wp\/v2\/media?parent=2213"}],"wp:term":[{"taxonomy":"product_brand","embeddable":true,"href":"https:\/\/solikaffee.ch\/es\/wp-json\/wp\/v2\/product_brand?post=2213"},{"taxonomy":"product_cat","embeddable":true,"href":"https:\/\/solikaffee.ch\/es\/wp-json\/wp\/v2\/product_cat?post=2213"},{"taxonomy":"product_tag","embeddable":true,"href":"https:\/\/solikaffee.ch\/es\/wp-json\/wp\/v2\/product_tag?post=2213"}],"curies":[{"name":"wp","href":"https:\/\/api.w.org\/{rel}","templated":true}]}}