{"id":2163,"date":"2021-01-05T20:35:48","date_gmt":"2021-01-05T20:35:48","guid":{"rendered":"https:\/\/solikaffee.ch\/?post_type=product&#038;p=2163"},"modified":"2025-01-09T16:21:22","modified_gmt":"2025-01-09T16:21:22","slug":"capsulas-de-cafe-reutilizables","status":"publish","type":"product","link":"https:\/\/solikaffee.ch\/es\/product\/capsulas-de-cafe-reutilizables\/","title":{"rendered":"C\u00e1psulas de caf\u00e9 reutilizables"},"content":{"rendered":"","protected":false},"excerpt":{"rendered":"<div class=\"flex-shrink-0 flex flex-col relative items-end\">\n<div>\n<div class=\"pt-0\">\n<div class=\"gizmo-bot-avatar flex h-8 w-8 items-center justify-center overflow-hidden rounded-full\">\n<div class=\"relative p-1 rounded-sm flex items-center justify-center bg-token-main-surface-primary text-token-text-primary h-8 w-8\"><\/div>\n<\/div>\n<\/div>\n<\/div>\n<\/div>\n<div class=\"group\/conversation-turn relative flex w-full min-w-0 flex-col agent-turn\">\n<div class=\"flex-col gap-1 md:gap-3\">\n<div class=\"flex max-w-full flex-col flex-grow\">\n<div class=\"min-h-8 text-message flex w-full flex-col items-end gap-2 whitespace-normal break-words text-start [.text-message+&amp;]:mt-5\" dir=\"auto\" data-message-author-role=\"assistant\" data-message-id=\"3687f3be-a77d-4c1b-9ff8-a6ff6beedbca\" data-message-model-slug=\"gpt-4o-mini\">\n<div class=\"flex w-full flex-col gap-1 empty:hidden first:pt-[3px]\">\n<div class=\"markdown prose w-full break-words dark:prose-invert dark\">\n<p>Las c\u00e1psulas de caf\u00e9 reutilizables de Solikaffee son una alternativa sostenible para los amantes del caf\u00e9. As\u00ed, puedes probar todos los caf\u00e9s, no solo los que venden los fabricantes de las m\u00e1quinas de caf\u00e9 m\u00e1s comunes. El uso de estas c\u00e1psulas tiene varias ventajas:<\/p>\n<ol>\n<li>M\u00e1s econ\u00f3micas que las c\u00e1psulas originales y prellenadas.<\/li>\n<li>Menos residuos en el mundo; aunque la c\u00e1psula reutilizable sea de pl\u00e1stico, es m\u00e1s respetuosa con el medio ambiente que las c\u00e1psulas desechables, ya que se puede usar varias veces.<\/li>\n<li>M\u00e1s ecol\u00f3gicas que los productos vendidos por los fabricantes de m\u00e1quinas de caf\u00e9.<\/li>\n<li>M\u00e1s justas que el producto original; puedes elegir y preparar el caf\u00e9 de acuerdo con tu propio gusto para disfrutar de tu pr\u00f3ximo caf\u00e9.<\/li>\n<\/ol>\n<\/div>\n<\/div>\n<\/div>\n<\/div>\n<\/div>\n<\/div>\n","protected":false},"featured_media":2164,"comment_status":"open","ping_status":"closed","template":"","meta":[],"product_brand":[],"product_cat":[25],"product_tag":[],"class_list":{"0":"post-2163","1":"product","2":"type-product","3":"status-publish","4":"has-post-thumbnail","6":"product_cat-cafe","8":"first","9":"instock","10":"shipping-taxable","11":"purchasable","12":"product-type-variable"},"_links":{"self":[{"href":"https:\/\/solikaffee.ch\/es\/wp-json\/wp\/v2\/product\/2163","targetHints":{"allow":["GET"]}}],"collection":[{"href":"https:\/\/solikaffee.ch\/es\/wp-json\/wp\/v2\/product"}],"about":[{"href":"https:\/\/solikaffee.ch\/es\/wp-json\/wp\/v2\/types\/product"}],"replies":[{"embeddable":true,"href":"https:\/\/solikaffee.ch\/es\/wp-json\/wp\/v2\/comments?post=2163"}],"wp:featuredmedia":[{"embeddable":true,"href":"https:\/\/solikaffee.ch\/es\/wp-json\/wp\/v2\/media\/2164"}],"wp:attachment":[{"href":"https:\/\/solikaffee.ch\/es\/wp-json\/wp\/v2\/media?parent=2163"}],"wp:term":[{"taxonomy":"product_brand","embeddable":true,"href":"https:\/\/solikaffee.ch\/es\/wp-json\/wp\/v2\/product_brand?post=2163"},{"taxonomy":"product_cat","embeddable":true,"href":"https:\/\/solikaffee.ch\/es\/wp-json\/wp\/v2\/product_cat?post=2163"},{"taxonomy":"product_tag","embeddable":true,"href":"https:\/\/solikaffee.ch\/es\/wp-json\/wp\/v2\/product_tag?post=2163"}],"curies":[{"name":"wp","href":"https:\/\/api.w.org\/{rel}","templated":true}]}}