{"id":2652,"date":"2024-08-16T23:50:51","date_gmt":"2024-08-16T23:50:51","guid":{"rendered":"https:\/\/solikaffee.ch\/nueva\/?page_id=2652"},"modified":"2024-08-22T16:11:45","modified_gmt":"2024-08-22T16:11:45","slug":"datenschutzerklarung","status":"publish","type":"page","link":"https:\/\/solikaffee.ch\/es\/datenschutzerklarung\/","title":{"rendered":"Datenschutzerkl\u00e4rung"},"content":{"rendered":"<h2>Datenschutzerkl\u00e4rung<\/h2>\n<p><strong>Informationen zur Erhebung personenbezogener Daten<\/strong><\/p>\n<p>Wir freuen uns \u00fcber Ihren Besuch auf unserer Website und danken Ihnen f\u00fcr Ihr Interesse. Im Folgenden informieren wir Sie dar\u00fcber, wie wir Ihre personenbezogenen Daten beim Besuch unserer Website behandeln. Personenbezogene Daten sind alle Daten, die Ihre Identit\u00e4t pers\u00f6nlich bestimmen k\u00f6nnen.<\/p>\n<p><strong>Verwendung von SSL\/TLS zur Datensicherheit<\/strong><\/p>\n<p>Diese Website nutzt aus Sicherheitsgr\u00fcnden und zum Schutz der \u00dcbertragung vertraulicher Inhalte, wie zum Beispiel Bestellungen oder Anfragen an den Verantwortlichen, eine SSL- bzw. TLS-Verschl\u00fcsselung. Sie k\u00f6nnen eine verschl\u00fcsselte Verbindung an der Zeichenfolge \u201ehttps:\/\/\u201c und dem Schloss-Symbol in Ihrer Browserzeile erkennen.<\/p>\n<p><strong>Erhebung von Daten bei Besuch unserer Website<\/strong><\/p>\n<p>Beim Besuch unserer Website erheben wir personenbezogene Daten, die Sie uns zur Verf\u00fcgung stellen. Dazu geh\u00f6ren die Informationen, die Sie in Kontaktformularen und Anmeldeformularen f\u00fcr Kundenkonten eingeben, sowie andere Daten, die f\u00fcr die Erf\u00fcllung eines Vertrages erforderlich sein k\u00f6nnen.<\/p>\n<p><strong>Verwendung von Cookies<\/strong><\/p>\n<p>Um unsere Website attraktiver zu gestalten und die Nutzung bestimmter Funktionen zu erm\u00f6glichen, verwenden wir Cookies. Cookies sind kleine Textdateien, die auf Ihrem Ger\u00e4t gespeichert werden. Einige Cookies werden beim Schlie\u00dfen des Browsers gel\u00f6scht (Sitzungs-Cookies), w\u00e4hrend andere auf Ihrem Ger\u00e4t verbleiben, um Ihren Browser bei einem n\u00e4chsten Besuch wiederzuerkennen (persistente Cookies). Cookies k\u00f6nnen Informationen \u00fcber den Benutzer wie Browserdaten, Standortdaten und IP-Adressen sammeln und verarbeiten.<\/p>\n<p><strong>Einstellungen zu Cookies<\/strong><\/p>\n<p>Sie k\u00f6nnen Ihren Browser so einstellen, dass Sie \u00fcber das Setzen von Cookies informiert werden und Cookies nur im Einzelfall erlauben oder die Annahme von Cookies generell ausschlie\u00dfen. Die Anleitungen zur Verwaltung von Cookies finden Sie unter folgenden Links:<\/p>\n<ul>\n<li>Internet Explorer: <a href=\"http:\/\/windows.microsoft.com\/de-DE\/windows-vista\/Block-or-allow-cookies\" target=\"_new\" rel=\"noopener\">Cookies blockieren oder zulassen<\/a><\/li>\n<li>Firefox: <a href=\"https:\/\/support.mozilla.org\/de\/kb\/cookies-erlauben-und-ablehnen\" target=\"_new\" rel=\"noopener\">Cookies erlauben und ablehnen<\/a><\/li>\n<li>Chrome: <a href=\"http:\/\/support.google.com\/chrome\/bin\/answer.py?hl=de&amp;hlrm=en&amp;answer=95647\" target=\"_new\" rel=\"noopener\">Cookies verwalten<\/a><\/li>\n<li>Safari: <a href=\"https:\/\/support.apple.com\/kb\/ph21411?locale=de_DE\" target=\"_new\" rel=\"noopener\">Cookies in Safari<\/a><\/li>\n<li>Opera: <a href=\"https:\/\/help.opera.com\/en\/latest\/web-preferences\/#cookies\" target=\"_new\" rel=\"noopener\">Web-Pr\u00e4ferenzen<\/a><\/li>\n<\/ul>\n<p>Bitte beachten Sie, dass die Funktionalit\u00e4t unserer Website eingeschr\u00e4nkt sein kann, wenn Sie keine Cookies akzeptieren.<\/p>\n<p><strong>Kontaktaufnahme<\/strong><\/p>\n<p>Wenn Sie uns kontaktieren (zum Beispiel \u00fcber ein Kontaktformular oder per E-Mail), erheben wir personenbezogene Daten, die ausschlie\u00dflich zur Bearbeitung Ihrer Anfrage und f\u00fcr die technische Verwaltung verwendet werden. Die Daten werden gel\u00f6scht, sobald Ihre Anfrage bearbeitet ist, sofern keine gesetzlichen Aufbewahrungspflichten bestehen.<\/p>\n<p><strong>Datenverarbeitung zur Erf\u00fcllung von Vertr\u00e4gen und Kundenkonten<\/strong><\/p>\n<p>Wir erheben und verarbeiten personenbezogene Daten, wenn Sie uns diese f\u00fcr die Durchf\u00fchrung eines Vertrages oder zur Er\u00f6ffnung eines Kundenkontos bereitstellen. Die L\u00f6schung Ihres Kundenkontos ist jederzeit durch eine Mitteilung an uns m\u00f6glich. Ihre Daten werden zur Vertragserf\u00fcllung gespeichert und verwendet und nach Beendigung des Vertrages oder der L\u00f6schung Ihres Kontos unter Beachtung der gesetzlichen Aufbewahrungsfristen gesperrt.<\/p>\n<p><strong>Kommentarfunktion<\/strong><\/p>\n<p>Im Rahmen der Kommentarfunktion auf unserer Website werden Ihre Kommentare, der Zeitpunkt der Ver\u00f6ffentlichung und der Name des Kommentierenden gespeichert. Ihre IP-Adresse wird aus Sicherheitsgr\u00fcnden ebenfalls gespeichert. Ihre E-Mail-Adresse wird verwendet, um Sie im Falle einer Beanstandung Ihres Kommentars durch Dritte zu kontaktieren.<\/p>\n<p><strong>Verwendung von Daten f\u00fcr Direktwerbung<\/strong><\/p>\n<p><strong>Newsletter-Anmeldung<\/strong><\/p>\n<p>Durch die Angabe Ihrer personenbezogenen Daten stimmen Sie zu, dass wir diese Daten f\u00fcr die Zusendung von Newslettern nutzen. Wir speichern Ihre IP-Adresse und das Datum der Anmeldung zur Vermeidung von Missbrauch. Sie k\u00f6nnen sich jederzeit \u00fcber den Link im Newsletter oder durch Mitteilung abmelden. Ihre E-Mail-Adresse wird nach der Abmeldung gel\u00f6scht, es sei denn, Sie haben einer weiteren Nutzung Ihrer Daten zugestimmt.<\/p>\n<p><strong>Datenverarbeitung zur Auftragsabwicklung<\/strong><\/p>\n<p>Die personenbezogenen Daten, die wir erheben, werden an Transportunternehmen zur Lieferung der Waren und an Finanzinstitute zur Abwicklung der Zahlungen weitergegeben. Wenn Zahlungsdienste verwendet werden, informieren wir Sie dar\u00fcber.<\/p>\n<p><strong>Verwendung von Social-Media-Plug-ins<\/strong><\/p>\n<p><strong>Facebook<\/strong><\/p>\n<p>Auf unserer Website werden Social-Media-Plug-ins von Facebook verwendet. Diese Plug-ins erm\u00f6glichen es Facebook, Informationen \u00fcber Ihren Besuch zu erhalten, selbst wenn Sie nicht bei Facebook angemeldet sind. Um zu verhindern, dass Facebook Ihren Besuch Ihrem Profil zuordnet, m\u00fcssen Sie sich bei Facebook abmelden, bevor Sie unsere Website besuchen.<\/p>\n<p><strong>Instagram<\/strong><\/p>\n<p>Auf unserer Website verwenden wir Social-Media-Plug-ins von Instagram. Diese Plug-ins erm\u00f6glichen es Instagram, Informationen \u00fcber Ihren Besuch zu erhalten, selbst wenn Sie nicht bei Instagram angemeldet sind. Um zu verhindern, dass Instagram Ihren Besuch Ihrem Profil zuordnet, m\u00fcssen Sie sich bei Instagram abmelden, bevor Sie unsere Website besuchen.<\/p>\n<p><strong>Verwendung von YouTube-Videos<\/strong><\/p>\n<p>Unsere Website verwendet die YouTube-Einbettungsfunktion f\u00fcr Videos. Der Datenschutzmodus von YouTube wird aktiviert, und Daten werden nur gespeichert, wenn Sie das Video abspielen. Wenn Sie bei Google angemeldet sind, werden Ihre Daten mit Ihrem Google-Konto verkn\u00fcpft. Um diese Zuordnung zu verhindern, m\u00fcssen Sie sich vor dem Abspielen von Videos von Ihrem Google-Konto abmelden.<\/p>\n<p><strong>Online-Marketing<\/strong><\/p>\n<p><strong>Google Ads Conversion-Tracking<\/strong><\/p>\n<p>Wir nutzen Google Ads, um unsere Produkte zu bewerben. Google verwendet Cookies, um die Leistung der Anzeigen zu verfolgen und Conversion-Statistiken zu erstellen. Sie k\u00f6nnen dieses Tracking \u00fcber die Einstellungen Ihres Browsers deaktivieren.<\/p>\n<p><strong>Retargeting\/Remarketing<\/strong><\/p>\n<p><strong>Microsoft Advertising Retargeting<\/strong><\/p>\n<p>Wir nutzen Cookies von Microsoft, um Retargeting bei Bing Ads durchzuf\u00fchren. Diese Cookies erm\u00f6glichen es Microsoft und uns, zu sehen, ob der Benutzer auf eine Anzeige geklickt hat und auf eine Konversionsseite gelangt ist.<\/p>\n<p><strong>Google Ads Remarketing<\/strong><\/p>\n<p>Google verwendet Cookies f\u00fcr Remarketing und um interessenbezogene Anzeigen bei Google und auf verbundenen Websites zu zeigen. Sie k\u00f6nnen diese Funktionalit\u00e4t \u00fcber die Einstellungen Ihres Browsers deaktivieren.<\/p>\n<p>F\u00fcr weitere Informationen zum Datenschutz auf diesen Plattformen konsultieren Sie bitte die jeweiligen Datenschutzerkl\u00e4rungen von Google und Microsoft.<\/p>\n","protected":false},"excerpt":{"rendered":"<p>Datenschutzerkl\u00e4rung Informationen zur Erhebung personenbezogener Daten Wir freuen uns \u00fcber Ihren Besuch auf unserer Website und danken Ihnen f\u00fcr Ihr Interesse. Im Folgenden informieren wir Sie dar\u00fcber, wie wir Ihre [&hellip;]<\/p>\n","protected":false},"author":1,"featured_media":0,"parent":0,"menu_order":0,"comment_status":"closed","ping_status":"closed","template":"","meta":{"footnotes":""},"class_list":["post-2652","page","type-page","status-publish","hentry"],"_links":{"self":[{"href":"https:\/\/solikaffee.ch\/es\/wp-json\/wp\/v2\/pages\/2652","targetHints":{"allow":["GET"]}}],"collection":[{"href":"https:\/\/solikaffee.ch\/es\/wp-json\/wp\/v2\/pages"}],"about":[{"href":"https:\/\/solikaffee.ch\/es\/wp-json\/wp\/v2\/types\/page"}],"author":[{"embeddable":true,"href":"https:\/\/solikaffee.ch\/es\/wp-json\/wp\/v2\/users\/1"}],"replies":[{"embeddable":true,"href":"https:\/\/solikaffee.ch\/es\/wp-json\/wp\/v2\/comments?post=2652"}],"version-history":[{"count":1,"href":"https:\/\/solikaffee.ch\/es\/wp-json\/wp\/v2\/pages\/2652\/revisions"}],"predecessor-version":[{"id":2653,"href":"https:\/\/solikaffee.ch\/es\/wp-json\/wp\/v2\/pages\/2652\/revisions\/2653"}],"wp:attachment":[{"href":"https:\/\/solikaffee.ch\/es\/wp-json\/wp\/v2\/media?parent=2652"}],"curies":[{"name":"wp","href":"https:\/\/api.w.org\/{rel}","templated":true}]}}