{"id":2650,"date":"2024-08-16T23:43:28","date_gmt":"2024-08-16T23:43:28","guid":{"rendered":"https:\/\/solikaffee.ch\/nueva\/?page_id=2650"},"modified":"2024-08-16T23:43:28","modified_gmt":"2024-08-16T23:43:28","slug":"versand-und-zahlungsbedingungen","status":"publish","type":"page","link":"https:\/\/solikaffee.ch\/es\/versand-und-zahlungsbedingungen\/","title":{"rendered":"VERSAND- UND ZAHLUNGSBEDINGUNGEN"},"content":{"rendered":"<p>VERSAND- UND ZAHLUNGSBEDINGUNGEN<\/p>\n<p>LIEFERKONDITIONEN<\/p>\n<p>&nbsp;<\/p>\n<p>STANDARD: B-POST VERSAND<\/p>\n<p>Wir liefern Ihre Bestellung per Postversand oder Logistiker direkt ins Haus und verrechnen Ihnen innerhalb der Schweiz und des F\u00fcrstentums Liechtenstein eine Versandpauschale von CHF 8.00 pro Bestellung. Darin enthalten sind die Versand- und Verpackungskosten. Sollten nicht alle Artikel auf einmal lieferbar sein, gehen die Kosten f\u00fcr eine Zusatzlieferung zu unseren Lasten. Ab Bestellwert CHF 100.00 berechnen wir keine Versandkosten innerhalb der Schweiz und des F\u00fcrstentums Liechtenstein.<\/p>\n<p>&nbsp;<\/p>\n<p>OPTION: A-POST VERSAND<\/p>\n<p>Wir liefern Ihre Bestellung per Postversand oder Logistiker direkt ins Haus und verrechnen Ihnen innerhalb der Schweiz und des F\u00fcrstentums Liechtenstein eine Versandpauschale von CHF 10.00 pro Bestellung. Darin enthalten sind die Versand- und Verpackungskosten. Sollten nicht alle Artikel auf einmal lieferbar sein, gehen die Kosten f\u00fcr die Zusatzlieferung zu unseren Lasten. Ab Bestellwert von CHF 120.00 berechnen wir keine Versandkosten innerhalb der Schweiz und des F\u00fcrstentums Lichtenstein.<\/p>\n<p>&nbsp;<\/p>\n<p>ZAHLUNGSM\u00d6GLICHKEITEN<\/p>\n<p>Zahlung per Rechnung: Sie k\u00f6nnen Ihre Bestellung bequem per Rechnung bezahlen und haben damit noch 14 Tage Zeit dazu. Bei Erstkunden oder bei einem Warenwert von \u00fcber CHF 150.00 behalten wir uns vor, Vorauskasse zu verlangen.<\/p>\n<p>&nbsp;<\/p>\n<p>VERSANDKOSTEN UND R\u00dcCKGABERECHT<\/p>\n<p>Sie haben ein 14-t\u00e4giges Widerrufsrecht. Bitte senden Sie uns Ihren Widerruf innerhalb von 14 Tagen nach Erhalt der Ware zu. Massgeblich ist die rechtzeitige Absendung. Wir erstatten den gesamten Betrag der Bestellung oder bei einem Teilwiderruf den Betrag des Artikels sobald wir die Ware erhalten und kontrolliert haben. Die R\u00fccksendekosten tragen Sie. Bitte beachten Sie, dass wir f\u00fcr Kaffee kein Widerrufsrecht gew\u00e4hren k\u00f6nnen. Sollten Sie einen besch\u00e4digten oder fehlerhaften Artikel von uns erhalten, senden wir Ihnen auf Wunsch einen Ersatz zu. Allf\u00e4llige R\u00fccksendekosten tragen wir. Wir behalten uns vor, Ersatz f\u00fcr m\u00f6gliche Besch\u00e4digungen oder Abnutzung vom zu erstattenden Kaufpreis abzuziehen.<\/p>\n","protected":false},"excerpt":{"rendered":"<p>VERSAND- UND ZAHLUNGSBEDINGUNGEN LIEFERKONDITIONEN &nbsp; STANDARD: B-POST VERSAND Wir liefern Ihre Bestellung per Postversand oder Logistiker direkt ins Haus und verrechnen Ihnen innerhalb der Schweiz und des F\u00fcrstentums Liechtenstein eine [&hellip;]<\/p>\n","protected":false},"author":1,"featured_media":0,"parent":0,"menu_order":0,"comment_status":"closed","ping_status":"closed","template":"","meta":{"footnotes":""},"class_list":["post-2650","page","type-page","status-publish","hentry"],"_links":{"self":[{"href":"https:\/\/solikaffee.ch\/es\/wp-json\/wp\/v2\/pages\/2650","targetHints":{"allow":["GET"]}}],"collection":[{"href":"https:\/\/solikaffee.ch\/es\/wp-json\/wp\/v2\/pages"}],"about":[{"href":"https:\/\/solikaffee.ch\/es\/wp-json\/wp\/v2\/types\/page"}],"author":[{"embeddable":true,"href":"https:\/\/solikaffee.ch\/es\/wp-json\/wp\/v2\/users\/1"}],"replies":[{"embeddable":true,"href":"https:\/\/solikaffee.ch\/es\/wp-json\/wp\/v2\/comments?post=2650"}],"version-history":[{"count":1,"href":"https:\/\/solikaffee.ch\/es\/wp-json\/wp\/v2\/pages\/2650\/revisions"}],"predecessor-version":[{"id":2651,"href":"https:\/\/solikaffee.ch\/es\/wp-json\/wp\/v2\/pages\/2650\/revisions\/2651"}],"wp:attachment":[{"href":"https:\/\/solikaffee.ch\/es\/wp-json\/wp\/v2\/media?parent=2650"}],"curies":[{"name":"wp","href":"https:\/\/api.w.org\/{rel}","templated":true}]}}