{"id":2647,"date":"2024-08-16T23:42:52","date_gmt":"2024-08-16T23:42:52","guid":{"rendered":"https:\/\/solikaffee.ch\/nueva\/?page_id=2647"},"modified":"2024-08-16T23:42:52","modified_gmt":"2024-08-16T23:42:52","slug":"agb","status":"publish","type":"page","link":"https:\/\/solikaffee.ch\/es\/agb\/","title":{"rendered":"AGB"},"content":{"rendered":"<h2>ALLGEMEINE GESCH\u00c4FTSBEDINGUNGEN (AGB)<\/h2>\n<h3>ALLGEMEINES<\/h3>\n<p>Lieferungen sind nur an Lieferadressen in der Schweiz und Lichtenstein m\u00f6glich. \u00a0Unsere Lieferbedingungen gelten f\u00fcr den Versand innerhalb der Schweiz und des F\u00fcrstentums Liechtenstein. F\u00fcr Lieferungen ins europ\u00e4ische Ausland gelten besondere Bestimmungen. Fragen Sie uns an. Sobald Ihre Bestellung versandbereit ist, benachrichtigen wir Sie per E-Mail. Nicht vorr\u00e4tige Artikel werden beim Hersteller bestellt. Sobald wir die Artikel erhalten, benachrichtigen wir Sie per E-Mail und versenden Ihre Bestellung umgehend. Der Versand wird \u00fcber die Schweizer Post oder durch einen Zustell-Dienstleister abgewickelt.<\/p>\n<h3>DATENSCHUTZ<\/h3>\n<p>Ihre Adress- und Bestelldaten werden nicht an einen Adresspool weitergegeben oder verkauft. Wir nutzen die Daten ausschliesslich zur Kommunikation mit Ihnen als Kundin und Kunde.<\/p>\n<h3>PREISE<\/h3>\n<p>Die Preise werden in Schweizer Franken (CHF) ausgewiesen und enthalten die gesetzlich vorgeschriebene Mehrwertsteuer. Es gelten die auf den Internet-Seiten angegebenen Preise zum Zeitpunkt des Bestelleinganges. Preis\u00e4nderungen verursacht durch ver\u00e4nderte Lieferanten und\/oder Herstellerpreise bleiben, wie auch bei technischen \u00c4nderungen oder Druckfehler ausdr\u00fccklich vorbehalten. Preiserh\u00f6hungen werden vor Auslieferung dem K\u00e4ufer mitgeteilt und dessen Einverst\u00e4ndnis eingeholt. Preissenkungen werden ohne Mitteilung weitergegeben.<\/p>\n<h3>BESTELLUNG<\/h3>\n<p>Die Darstellung der Produkte im Online-Shop ist kein rechtlich verbindlicher Antrag, sondern stellt nur einen unverbindlichen Online-Katalog dar. Wenn Sie Produkte lediglich in den \u201eWarenkorb\u201c legen, gilt dies nicht als verbindliche Bestellung. Eine verbindliche Bestellung f\u00fcr die im Warenkorb enthaltenen Produkte geben Sie erst mit dem Anklicken des \u201eBest\u00e4tigen\u201c-Buttons auf der Bestellungsabschluss-Seite ab. Daraufhin senden wir Ihnen unverz\u00fcglich per E-Mail eine Vertragsbest\u00e4tigung zu, mit deren Empfang der Vertrag zustande kommt.<\/p>\n<p>Kunden-Bestellungen welche durch Herstellungs- oder Lieferungsstopp aber auch durch fehlerhafte Preisangaben seitens des Herstellers nicht zur Ausf\u00fchrung kommen, k\u00f6nnen durch die Lara Valdes \u2013 Solidarisches Handel ohne Recht auf Schadenersatz r\u00fcckg\u00e4ngig gemacht werden.<\/p>\n<p>Wir behalten uns vor, bei nicht vollst\u00e4ndig oder falschen Adressangaben, die Bestellung ohne Mitteilung zu stornieren und nicht auszuf\u00fchren.<\/p>\n<h3>STANDARD: B-POST VERSAND<\/h3>\n<p>Wir liefern Ihre Bestellung per Postversand oder Logistiker direkt ins Haus und verrechnen Ihnen innerhalb der Schweiz und des F\u00fcrstentums Liechtenstein eine Versandpauschale von CHF 8.00 pro Bestellung. Darin enthalten sind die Versand- und Verpackungskosten. Sollten nicht alle Artikel auf einmal lieferbar sein, gehen die Kosten f\u00fcr eine Zusatzlieferung zu unseren Lasten. Ab Bestellwert CHF 100.00 berechnen wir keine Versandkosten innerhalb der Schweiz und des F\u00fcrstentums Liechtenstein.<\/p>\n<h3>OPTION: A-POST VERSAND<\/h3>\n<p>Wir liefern Ihre Bestellung per Postversand oder Logistiker direkt ins Haus und verrechnen Ihnen innerhalb der Schweiz und des F\u00fcrstentums Liechtenstein eine Versandpauschale von CHF 10.00 pro Bestellung. Darin enthalten sind die Versand- und Verpackungskosten. Sollten nicht alle Artikel auf einmal lieferbar sein, gehen die Kosten f\u00fcr die Zusatzlieferung zu unseren Lasten. Ab Bestellwert von CHF 120.00 berechnen wir keine Versandkosten innerhalb der Schweiz und des F\u00fcrstentums Lichtenstein.<\/p>\n<h3>OPTION: EXPRESS VERSAND<\/h3>\n<p>Zus\u00e4tzlich k\u00f6nnen wir f\u00fcr Lieferungen innerhalb der Schweiz und des F\u00fcrstentums Liechtenstein auch einen Express-Dienst anbieten, wof\u00fcr wir Ihnen die Swiss-Express Geb\u00fchren gem\u00e4ss offiziellem Posttarif verrechnen. Bei Bedarf bitten wir Sie um Kontaktaufnahme.<\/p>\n<h3>STANDARD: ZAHLUNG PER RECHNUNG<\/h3>\n<p>Sie k\u00f6nnen Ihre Bestellung bequem per Rechnung bezahlen und haben damit noch 14 Tage Zeit dazu. Wir behalten uns vor bei Neukunden und ab einem Warenwert von CHF 150.00 Vorauskasse zu verlangen.<\/p>\n<h3>LIEFER- UND RECHNUNGSADRESSE<\/h3>\n<p>Wir liefern Ihre Bestellung an die von Ihnen gew\u00fcnschte Adresse. Sind Liefer- und Rechnungsadresse nicht identisch, so k\u00f6nnen Sie dies w\u00e4hrend der Bestellung oder im Kundenkonto definieren.<\/p>\n<h3>VERSANDKOSTEN UND R\u00dcCKGABERECHT<\/h3>\n<p>Sie haben ein 14-t\u00e4giges Widerrufsrecht. Bitte senden Sie uns Ihren Widerruf innerhalb von 14 Tagen nach Erhalt der Ware zu. Massgeblich ist die rechtzeitige Absendung. Wir erstatten den gesamten Betrag der Bestellung oder bei einem Teilwiderruf den Betrag des Artikels sobald wir die Ware erhalten und kontrolliert haben. Unsere Porto- und Ihre R\u00fccksendekosten tragen Sie. Bitte beachten Sie, dass wir nur f\u00fcr Kaffee und Schokolade kein Widerrufsrecht gew\u00e4hren k\u00f6nnen. Sollten Sie einen besch\u00e4digten oder fehlerhaften Artikel von uns erhalten, senden wir Ihnen auf Wunsch einen Ersatz zu. Allf\u00e4llige R\u00fccksendekosten tragen wir. Wir behalten uns vor, Ersatz f\u00fcr m\u00f6gliche Besch\u00e4digungen oder Abnutzung vom zu erstattenden Kaufpreis abzuziehen.<\/p>\n<h3>GEW\u00c4HRLEISTUNG UND HAFTUNG<\/h3>\n<p>Die Lara Valdes \u2013 Solidarischer Handel gew\u00e4hrleistet, dass die von ihr gelieferten Produkte frei von Fabrikations- und Materialfehler sind. Sollten Produkte fehlerhaft sein, so besteht eine Gew\u00e4hrleistungszeit von 2 Jahren nach Lieferung. F\u00fcr Haushaltprodukte, welche im Gastro- oder B\u00fcrobereich eingesetzt werden, gilt eine Gew\u00e4hrleistungszeit von 1 Jahr. Die Gew\u00e4hrleistung umfasst Material und Arbeitsaufwand die Lara Valdes- Solidarsicher Handel (solikaffee.ch) in 6275 Ballwil (bring-in). Das Datum des Erwerbs ist vom Kunden durch Vorlage eines Kaufbeleges nachzuweisen. Von der Gew\u00e4hrleistung und Haftung von Lara Valdes- Solidarsicher Handel (solikaffee.ch) ausgeschlossen sind Sch\u00e4den, die auf Grund unsachgem\u00e4sser Handhabung oder nicht nachweisbar infolge schlechten Materials, fehlerhafter Konstruktion, mangelhafter Ausf\u00fchrung oder anderer Gr\u00fcnde entstanden sind, welche die Lara Valdes- Solidarsicher Handel (solikaffee.ch) nicht zu vertreten hat. Alle F\u00e4lle von Vertragsverletzungen und deren Rechtsfolgen, sowie alle Anspr\u00fcche des Bestellers, gleichg\u00fcltig aus welchem Rechtsgrund sie gestellt werden, sind in diesen Bedingungen abschliessend geregelt. Insbesondere sind alle nicht ausdr\u00fccklich genannten Anspr\u00fcche auf Schadenersatz, Minderung, Wandelung, Aufhebung des Vertrages oder R\u00fccktritt vom Vertrag ausgeschlossen. Eine Haftung f\u00fcr Folgesch\u00e4den ist ausgeschlossen, soweit zwingende produktehaftpflichtrechtliche Bestimmungen oder anders anwendbares Recht dem nicht entgegenstehen.<\/p>\n","protected":false},"excerpt":{"rendered":"<p>ALLGEMEINE GESCH\u00c4FTSBEDINGUNGEN (AGB) ALLGEMEINES Lieferungen sind nur an Lieferadressen in der Schweiz und Lichtenstein m\u00f6glich. \u00a0Unsere Lieferbedingungen gelten f\u00fcr den Versand innerhalb der Schweiz und des F\u00fcrstentums Liechtenstein. F\u00fcr Lieferungen [&hellip;]<\/p>\n","protected":false},"author":1,"featured_media":0,"parent":0,"menu_order":0,"comment_status":"closed","ping_status":"closed","template":"","meta":{"footnotes":""},"class_list":["post-2647","page","type-page","status-publish","hentry"],"_links":{"self":[{"href":"https:\/\/solikaffee.ch\/es\/wp-json\/wp\/v2\/pages\/2647","targetHints":{"allow":["GET"]}}],"collection":[{"href":"https:\/\/solikaffee.ch\/es\/wp-json\/wp\/v2\/pages"}],"about":[{"href":"https:\/\/solikaffee.ch\/es\/wp-json\/wp\/v2\/types\/page"}],"author":[{"embeddable":true,"href":"https:\/\/solikaffee.ch\/es\/wp-json\/wp\/v2\/users\/1"}],"replies":[{"embeddable":true,"href":"https:\/\/solikaffee.ch\/es\/wp-json\/wp\/v2\/comments?post=2647"}],"version-history":[{"count":2,"href":"https:\/\/solikaffee.ch\/es\/wp-json\/wp\/v2\/pages\/2647\/revisions"}],"predecessor-version":[{"id":2649,"href":"https:\/\/solikaffee.ch\/es\/wp-json\/wp\/v2\/pages\/2647\/revisions\/2649"}],"wp:attachment":[{"href":"https:\/\/solikaffee.ch\/es\/wp-json\/wp\/v2\/media?parent=2647"}],"curies":[{"name":"wp","href":"https:\/\/api.w.org\/{rel}","templated":true}]}}